{"id":24,"date":"2022-11-01T13:40:52","date_gmt":"2022-11-01T12:40:52","guid":{"rendered":"http:\/\/laurenm.cluster029.hosting.ovh.net\/laurenm795\/?page_id=24"},"modified":"2026-01-26T15:28:33","modified_gmt":"2026-01-26T14:28:33","slug":"tarifs","status":"publish","type":"page","link":"https:\/\/www.laurence-dieteticienne.com\/index.php\/tarifs\/","title":{"rendered":"Tarifs"},"content":{"rendered":"\t\t<div data-elementor-type=\"wp-page\" data-elementor-id=\"24\" class=\"elementor elementor-24\">\n\t\t\t\t\t\t<section class=\"elementor-section elementor-top-section elementor-element elementor-element-a2456c1 elementor-section-boxed elementor-section-height-default elementor-section-height-default\" data-id=\"a2456c1\" data-element_type=\"section\" data-e-type=\"section\">\n\t\t\t\t\t\t<div class=\"elementor-container elementor-column-gap-default\">\n\t\t\t\t\t<div class=\"elementor-column elementor-col-100 elementor-top-column elementor-element elementor-element-45d7939\" data-id=\"45d7939\" data-element_type=\"column\" data-e-type=\"column\">\n\t\t\t<div class=\"elementor-widget-wrap elementor-element-populated\">\n\t\t\t\t\t\t<div class=\"elementor-element elementor-element-18970b3 elementor-widget elementor-widget-text-editor\" data-id=\"18970b3\" data-element_type=\"widget\" data-e-type=\"widget\" data-widget_type=\"text-editor.default\">\n\t\t\t\t<div class=\"elementor-widget-container\">\n\t\t\t\t\t\t\t\t\t<p>Mon objectif est de vous rendre autonome avec l&rsquo;alimentation.\u00a0<br \/><span style=\"color: var( --e-global-color-secondary ); font-family: var( --e-global-typography-text-font-family ); font-weight: var( --e-global-typography-text-font-weight );\">Pour cela nous \u00e9tablirons ensemble un bilan nutritionnel en fonction de votre mode de vie et de vous habitude.\u00a0<br \/>En t\u00e9l\u00e9consultation ou dans mon cabinet sur Marseille.\u00a0<br \/>J&rsquo;utilise l&rsquo;application \u00ab\u00a0mon suivi diet\u00a0\u00bb qui vous permettra de pouvoir communiquer avec moi d&rsquo;une mani\u00e8re tr\u00e8s ludique et rapproch\u00e9.<\/span><\/p>\t\t\t\t\t\t\t\t<\/div>\n\t\t\t\t<\/div>\n\t\t\t\t\t<\/div>\n\t\t<\/div>\n\t\t\t\t\t<\/div>\n\t\t<\/section>\n\t\t\t\t<section class=\"elementor-section elementor-top-section elementor-element elementor-element-6586be6 elementor-section-boxed elementor-section-height-default elementor-section-height-default\" data-id=\"6586be6\" data-element_type=\"section\" data-e-type=\"section\">\n\t\t\t\t\t\t<div class=\"elementor-container elementor-column-gap-default\">\n\t\t\t\t\t<div class=\"elementor-column elementor-col-100 elementor-top-column elementor-element elementor-element-32c7815\" data-id=\"32c7815\" data-element_type=\"column\" data-e-type=\"column\">\n\t\t\t<div class=\"elementor-widget-wrap\">\n\t\t\t\t\t\t\t<\/div>\n\t\t<\/div>\n\t\t\t\t\t<\/div>\n\t\t<\/section>\n\t\t\t\t<section class=\"elementor-section elementor-top-section elementor-element elementor-element-46c1af4 elementor-section-boxed elementor-section-height-default elementor-section-height-default\" data-id=\"46c1af4\" data-element_type=\"section\" data-e-type=\"section\">\n\t\t\t\t\t\t<div class=\"elementor-container elementor-column-gap-default\">\n\t\t\t\t\t<div class=\"elementor-column elementor-col-50 elementor-top-column elementor-element elementor-element-c169b4b\" data-id=\"c169b4b\" data-element_type=\"column\" data-e-type=\"column\">\n\t\t\t<div class=\"elementor-widget-wrap elementor-element-populated\">\n\t\t\t\t\t\t<div class=\"elementor-element elementor-element-031f501 elementor-widget elementor-widget-text-editor\" data-id=\"031f501\" data-element_type=\"widget\" data-e-type=\"widget\" data-widget_type=\"text-editor.default\">\n\t\t\t\t<div class=\"elementor-widget-container\">\n\t\t\t\t\t\t\t\t\t<p><strong>Les t\u00e9l\u00e9consultations&nbsp;<\/strong>(consultation via webcam)&nbsp; sont ouvertes \u00e0 tous, o\u00f9 que vous soyez.<br>Elles sont identiques aux consultations en cabinet :&nbsp; la pes\u00e9e et\/ou prises des mensurations qui seront \u00e0 faire seul(e).<\/p>\n<p><strong>Prise de rendez-vous<\/strong>&nbsp;:<\/p>\n<p>Sur&nbsp;<a href=\"https:\/\/www.doctolib.fr\/dieteticien\/marseille\/laurence-devolder\/booking\/motive-categories?placeId=practice-369065&amp;specialityId=414&amp;telehealth=false\" target=\"_blank\" rel=\"noopener\">Doctolib<\/a><\/p>\n<p><strong>Horaires :<\/strong><\/p>\n<p>&#8211; Lundi : 08:00 &#8211; 20:00<br>&#8211; Mardi : 08:00 &#8211; 20:00<br>&#8211; Mercredi : 08:00 &#8211; 20:00<br>&#8211; Jeudi : 08:00 &#8211; 20:00<br>&#8211; Vendredi : 10:00 &#8211; 18:00<\/p>\n<p dir=\"ltr\" data-pm-slice=\"1 1 [&quot;bulletList&quot;,{&quot;tight&quot;:true,&quot;dir&quot;:&quot;ltr&quot;},&quot;listItem&quot;,{}]\"><span style=\"color: #0b0b0b;\">Exceptionnellement des cr\u00e9neaux de consultations peuvent \u00eatre ouverts les samedis, dimanches sur demande et selon les disponibilit\u00e9s.<\/span><\/p>\n<p><a href=\"https:\/\/www.doctolib.fr\/dieteticien\/marseille\/laurence-devolder\/booking\/motive-categories?placeId=practice-369065&amp;specialityId=414&amp;telehealth=false\" target=\"_blank\" rel=\"noreferrer noopener\">Voir les&nbsp;disponibilit\u00e9s<\/a><\/p>\n<p>Les consultations di\u00e9t\u00e9tiques ne sont pas prises en charge par la s\u00e9curit\u00e9 sociale, cependant certaines mutuelles les remboursent.<\/p>\n<p><strong>Moyens de paiement :<br><\/strong><\/p>\n<p>&#8211; Cartes bancaires<span style=\"font-family: var( --e-global-typography-text-font-family ); font-weight: var( --e-global-typography-text-font-weight );\"><br><\/span><\/p>\n<p><span style=\"font-family: var( --e-global-typography-text-font-family ); font-weight: var( --e-global-typography-text-font-weight );\">&#8211; Esp\u00e8ces<br><\/span><\/p>\n<p dir=\"ltr\" style=\"color: rgba(6, 6, 6, 0.99);\" data-pm-slice=\"1 1 []\">Je propose \u00e9galement des&nbsp;<span style=\"font-weight: bolder;\">packs de consultation<\/span>&nbsp;qui offrent un suivi complet et sur mesure :<\/p>\n<ul dir=\"ltr\" style=\"color: rgba(6, 6, 6, 0.99);\" data-tight=\"true\">\n<li>\n<p dir=\"ltr\">Bilan&nbsp; \u00e0 chaque s\u00e9ance<\/p>\n<\/li>\n<li>\n<p dir=\"ltr\">Encouragements pour rester motiv\u00e9(e)<\/p>\n<\/li>\n<li>\n<p dir=\"ltr\">Menus adapt\u00e9s et recettes savoureuses (si besoin)<\/p>\n<\/li>\n<li>\n<p dir=\"ltr\">R\u00e9ponses \u00e0 vos questions directement dans l&rsquo;application mon suivi diet<\/p>\n<\/li>\n<\/ul>\n<p dir=\"ltr\" style=\"color: rgba(6, 6, 6, 0.99);\"><span style=\"font-weight: bolder;\">Options disponibles :<\/span><\/p>\n<ul dir=\"ltr\" style=\"color: rgba(6, 6, 6, 0.99);\" data-tight=\"true\">\n<li>\n<p dir=\"ltr\"><span style=\"font-weight: bolder;\">Pack 3 mois<\/span>&nbsp;: Bilan initial + 2 consultations : 190 euros<\/p>\n<\/li>\n<li>\n<p dir=\"ltr\"><span style=\"font-weight: bolder;\">Pack 6 mois<\/span>&nbsp;: Bilan initial + 5 consultations : 370 euros&nbsp;<\/p>\n<\/li>\n<\/ul>\n<p dir=\"ltr\" style=\"color: rgba(6, 6, 6, 0.99);\"><span style=\"font-weight: bolder;\">Conditions :<\/span><\/p>\n<ul dir=\"ltr\" style=\"color: rgba(6, 6, 6, 0.99);\" data-tight=\"true\">\n<li>\n<p dir=\"ltr\">Toute r\u00e9servation annul\u00e9e moins de 48h avant est due.<\/p>\n<\/li>\n<li>\n<p dir=\"ltr\" data-pm-slice=\"1 1 [&quot;bulletList&quot;,{&quot;tight&quot;:true,&quot;dir&quot;:&quot;ltr&quot;},&quot;listItem&quot;,{}]\">Les consultations sont planifi\u00e9es au d\u00e9marrage (modifiables jusqu&rsquo;\u00e0 48h avant).<\/p>\n<\/li>\n<li>\n<p dir=\"ltr\" data-pm-slice=\"1 1 [&quot;bulletList&quot;,{&quot;tight&quot;:true,&quot;dir&quot;:&quot;ltr&quot;},&quot;listItem&quot;,{}]\">Paiement en une seule fois \u00e0 la r\u00e9servation.<\/p>\n<\/li>\n<li>\n<p dir=\"ltr\">Consultez les mentions l\u00e9gales&nbsp;pour plus de d\u00e9tails.<br><u><br><\/u><\/p>\n<\/li>\n<\/ul>\n<p dir=\"ltr\" style=\"color: rgba(6, 6, 6, 0.99);\">Contactez-moi pour d\u00e9marrer votre accompagnement !<\/p>\t\t\t\t\t\t\t\t<\/div>\n\t\t\t\t<\/div>\n\t\t\t\t<div class=\"elementor-element elementor-element-c035bbe elementor-widget elementor-widget-image\" data-id=\"c035bbe\" data-element_type=\"widget\" data-e-type=\"widget\" data-widget_type=\"image.default\">\n\t\t\t\t<div class=\"elementor-widget-container\">\n\t\t\t\t\t\t\t\t\t\t\t\t\t\t\t<img fetchpriority=\"high\" decoding=\"async\" width=\"500\" height=\"500\" src=\"https:\/\/www.laurence-dieteticienne.com\/wp-content\/uploads\/2025\/07\/tarifs-laurence-devolder.png\" class=\"attachment-large size-large wp-image-2385\" alt=\"\" srcset=\"https:\/\/www.laurence-dieteticienne.com\/wp-content\/uploads\/2025\/07\/tarifs-laurence-devolder.png 500w, https:\/\/www.laurence-dieteticienne.com\/wp-content\/uploads\/2025\/07\/tarifs-laurence-devolder-300x300.png 300w, https:\/\/www.laurence-dieteticienne.com\/wp-content\/uploads\/2025\/07\/tarifs-laurence-devolder-150x150.png 150w, https:\/\/www.laurence-dieteticienne.com\/wp-content\/uploads\/2025\/07\/tarifs-laurence-devolder-100x100.png 100w\" sizes=\"(max-width: 500px) 100vw, 500px\" \/>\t\t\t\t\t\t\t\t\t\t\t\t\t\t\t<\/div>\n\t\t\t\t<\/div>\n\t\t\t\t\t<\/div>\n\t\t<\/div>\n\t\t\t\t<div class=\"elementor-column elementor-col-50 elementor-top-column elementor-element elementor-element-cf2a17c\" data-id=\"cf2a17c\" data-element_type=\"column\" data-e-type=\"column\">\n\t\t\t<div class=\"elementor-widget-wrap elementor-element-populated\">\n\t\t\t\t\t\t<div class=\"elementor-element elementor-element-202970b elementor-widget elementor-widget-text-editor\" data-id=\"202970b\" data-element_type=\"widget\" data-e-type=\"widget\" data-widget_type=\"text-editor.default\">\n\t\t\t\t<div class=\"elementor-widget-container\">\n\t\t\t\t\t\t\t\t\t<p><strong style=\"font-family: var( --e-global-typography-text-font-family );\">D\u00e9roulement des consultations :<\/strong><\/p>\n<p>&#8211; Premi\u00e8re consultation : nous faisons un \u00e9tat des lieux de votre fa\u00e7on de vous alimenter et nous mettons des mots ensemble pour&nbsp; comprendre vos attentes, besoins et objectifs ainsi que votre histoire personnelle (sant\u00e9, histoire du poids, relation \u00e0 l\u2019alimentation, croyances alimentaires etc.).<br>&#8211; Un bilan de votre composition corporelle vous sera pr\u00e9sent\u00e9 (Imp\u00e9dancem\u00e9trie Ebiody ZM3)<\/p>\n<p>Nous allons ensemble trouver des pistes pour am\u00e9liorer au fil du temps vos habitudes : je pars&nbsp; de votre alimentation actuelle et je vous proposerais une alimentation qui vous correspond.&nbsp;<\/p>\n<p>Si vous souhaitez avoir un suivi, nous pouvons \u00e9tablir des \u00e9changes via l&rsquo;application \u00ab\u00a0mon suivi diet\u00a0\u00bb qui vont vous permettre de ne pas vous sentir seule apr\u00e8s la consultation ou de nombreuses informations seront communiqu\u00e9es.<\/p>\n<p>&#8211;&nbsp;<strong>Consultation de suivi<\/strong> :<\/p>\n<p data-sourcepos=\"3:1-3:301\">Mon approche d&rsquo;accompagnement est bas\u00e9e sur un travail en profondeur qui n\u00e9cessite du temps et un investissement personnel. Lors de notre premi\u00e8re consultation, nous prendrons le temps de faire connaissance, de comprendre vos besoins et de d\u00e9finir ensemble les objectifs que vous souhaitez atteindre.<\/p>\n<p data-sourcepos=\"5:1-5:263\">L&rsquo;accompagnement se d\u00e9roulera sur une p\u00e9riode que nous d\u00e9terminerons ensemble, en fonction de vos besoins et de votre rythme.&nbsp;<br><\/p>\n<p data-sourcepos=\"7:1-7:290\">Mon objectif est de vous accompagner de mani\u00e8re durable et efficace, en vous apportant les outils et le soutien n\u00e9cessaires pour atteindre vos objectifs. Ensemble, nous construirons un cheminement personnalis\u00e9 qui vous permettra de progresser \u00e0 votre rythme et d&rsquo;atteindre vos aspirations<\/p>\n<p>Lors de ces consultations nous faisons le point sur votre avanc\u00e9e, vos progr\u00e8s et difficult\u00e9s afin de d\u00e9finir ensemble le plan d&rsquo;action \u00e0 mettre en place pour la prochaine consultation et nous ferons une mise \u00e0 jour de votre bilan corporel.<\/p>\n<p><span style=\"text-decoration: underline;\"><span style=\"font-weight: bolder; color: rgba(6, 6, 6, 0.99); text-decoration: underline;\"><\/span><\/span><\/p>\n<p><\/p>\t\t\t\t\t\t\t\t<\/div>\n\t\t\t\t<\/div>\n\t\t\t\t\t<\/div>\n\t\t<\/div>\n\t\t\t\t\t<\/div>\n\t\t<\/section>\n\t\t\t\t<section class=\"elementor-section elementor-top-section elementor-element elementor-element-dbf6ee9 elementor-section-boxed elementor-section-height-default elementor-section-height-default\" data-id=\"dbf6ee9\" data-element_type=\"section\" data-e-type=\"section\">\n\t\t\t\t\t\t<div class=\"elementor-container elementor-column-gap-default\">\n\t\t\t\t\t<div class=\"elementor-column elementor-col-100 elementor-top-column elementor-element elementor-element-b513f6f\" data-id=\"b513f6f\" data-element_type=\"column\" data-e-type=\"column\">\n\t\t\t<div class=\"elementor-widget-wrap elementor-element-populated\">\n\t\t\t\t\t\t<div class=\"elementor-element elementor-element-6dba2c5 elementor-align-center elementor-widget elementor-widget-button\" data-id=\"6dba2c5\" data-element_type=\"widget\" data-e-type=\"widget\" data-widget_type=\"button.default\">\n\t\t\t\t<div class=\"elementor-widget-container\">\n\t\t\t\t\t\t\t\t\t<div class=\"elementor-button-wrapper\">\n\t\t\t\t\t<a class=\"elementor-button elementor-button-link elementor-size-xl elementor-animation-shrink\" href=\"https:\/\/www.doctolib.fr\/dieteticien\/marseille\/laurence-devolder\/booking\/telehealth-suggestion?specialityId=414&#038;pid=practice-369065&#038;bookingFunnelSource=profile\" target=\"_blank\">\n\t\t\t\t\t\t<span class=\"elementor-button-content-wrapper\">\n\t\t\t\t\t\t\t\t\t<span class=\"elementor-button-text\">Prenez Rendez-vous<\/span>\n\t\t\t\t\t<\/span>\n\t\t\t\t\t<\/a>\n\t\t\t\t<\/div>\n\t\t\t\t\t\t\t\t<\/div>\n\t\t\t\t<\/div>\n\t\t\t\t\t<\/div>\n\t\t<\/div>\n\t\t\t\t\t<\/div>\n\t\t<\/section>\n\t\t\t\t<\/div>\n\t\t","protected":false},"excerpt":{"rendered":"<p>Mon objectif est de vous rendre autonome avec l&rsquo;alimentation.\u00a0Pour cela nous \u00e9tablirons ensemble un bilan nutritionnel en fonction de votre mode de vie et de &hellip; <\/p>\n","protected":false},"author":1,"featured_media":0,"parent":0,"menu_order":0,"comment_status":"closed","ping_status":"closed","template":"","meta":{"_uag_custom_page_level_css":"","footnotes":""},"class_list":["post-24","page","type-page","status-publish","hentry"],"uagb_featured_image_src":{"full":false,"thumbnail":false,"medium":false,"medium_large":false,"large":false,"1536x1536":false,"2048x2048":false,"yummy-recipe-slider":false,"yummy-recipe-blog-three":false,"yummy-recipe-blog-four":false,"vilva-slider-one":false,"vilva-featured-four":false,"vilva-blog":false,"vilva-blog-one":false,"vilva-sidebar":false,"woocommerce_thumbnail":false,"woocommerce_single":false,"woocommerce_gallery_thumbnail":false},"uagb_author_info":{"display_name":"Laurence DEVOLDER","author_link":"https:\/\/www.laurence-dieteticienne.com\/index.php\/author\/admin7317\/"},"uagb_comment_info":0,"uagb_excerpt":"Mon objectif est de vous rendre autonome avec l&rsquo;alimentation.\u00a0Pour cela nous \u00e9tablirons ensemble un bilan nutritionnel en fonction de votre mode de vie et de &hellip;","_links":{"self":[{"href":"https:\/\/www.laurence-dieteticienne.com\/index.php\/wp-json\/wp\/v2\/pages\/24","targetHints":{"allow":["GET"]}}],"collection":[{"href":"https:\/\/www.laurence-dieteticienne.com\/index.php\/wp-json\/wp\/v2\/pages"}],"about":[{"href":"https:\/\/www.laurence-dieteticienne.com\/index.php\/wp-json\/wp\/v2\/types\/page"}],"author":[{"embeddable":true,"href":"https:\/\/www.laurence-dieteticienne.com\/index.php\/wp-json\/wp\/v2\/users\/1"}],"replies":[{"embeddable":true,"href":"https:\/\/www.laurence-dieteticienne.com\/index.php\/wp-json\/wp\/v2\/comments?post=24"}],"version-history":[{"count":118,"href":"https:\/\/www.laurence-dieteticienne.com\/index.php\/wp-json\/wp\/v2\/pages\/24\/revisions"}],"predecessor-version":[{"id":2400,"href":"https:\/\/www.laurence-dieteticienne.com\/index.php\/wp-json\/wp\/v2\/pages\/24\/revisions\/2400"}],"wp:attachment":[{"href":"https:\/\/www.laurence-dieteticienne.com\/index.php\/wp-json\/wp\/v2\/media?parent=24"}],"curies":[{"name":"wp","href":"https:\/\/api.w.org\/{rel}","templated":true}]}}