{"id":22,"date":"2022-11-01T13:40:20","date_gmt":"2022-11-01T12:40:20","guid":{"rendered":"http:\/\/laurenm.cluster029.hosting.ovh.net\/laurenm795\/?page_id=22"},"modified":"2025-04-05T15:42:24","modified_gmt":"2025-04-05T13:42:24","slug":"qui-suis-je","status":"publish","type":"page","link":"https:\/\/www.laurence-dieteticienne.com\/index.php\/qui-suis-je\/","title":{"rendered":"Qui suis-je ?"},"content":{"rendered":"\t\t<div data-elementor-type=\"wp-page\" data-elementor-id=\"22\" class=\"elementor elementor-22\">\n\t\t\t\t\t\t<section class=\"elementor-section elementor-top-section elementor-element elementor-element-8cc459a elementor-section-boxed elementor-section-height-default elementor-section-height-default\" data-id=\"8cc459a\" data-element_type=\"section\" data-e-type=\"section\">\n\t\t\t\t\t\t<div class=\"elementor-container elementor-column-gap-default\">\n\t\t\t\t\t<div class=\"elementor-column elementor-col-100 elementor-top-column elementor-element elementor-element-be207d7\" data-id=\"be207d7\" data-element_type=\"column\" data-e-type=\"column\">\n\t\t\t<div class=\"elementor-widget-wrap elementor-element-populated\">\n\t\t\t\t\t\t<div class=\"elementor-element elementor-element-e22d6e0 elementor-widget elementor-widget-image\" data-id=\"e22d6e0\" data-element_type=\"widget\" data-e-type=\"widget\" data-widget_type=\"image.default\">\n\t\t\t\t<div class=\"elementor-widget-container\">\n\t\t\t\t\t\t\t\t\t\t\t\t\t\t\t<img fetchpriority=\"high\" decoding=\"async\" width=\"1024\" height=\"1024\" src=\"https:\/\/www.laurence-dieteticienne.com\/wp-content\/uploads\/2024\/10\/presentation-laurence-devolder-1024x1024.png\" class=\"attachment-large size-large wp-image-2270\" alt=\"\" srcset=\"https:\/\/www.laurence-dieteticienne.com\/wp-content\/uploads\/2024\/10\/presentation-laurence-devolder-1024x1024.png 1024w, https:\/\/www.laurence-dieteticienne.com\/wp-content\/uploads\/2024\/10\/presentation-laurence-devolder-300x300.png 300w, https:\/\/www.laurence-dieteticienne.com\/wp-content\/uploads\/2024\/10\/presentation-laurence-devolder-150x150.png 150w, https:\/\/www.laurence-dieteticienne.com\/wp-content\/uploads\/2024\/10\/presentation-laurence-devolder-768x768.png 768w, https:\/\/www.laurence-dieteticienne.com\/wp-content\/uploads\/2024\/10\/presentation-laurence-devolder-60x60.png 60w, https:\/\/www.laurence-dieteticienne.com\/wp-content\/uploads\/2024\/10\/presentation-laurence-devolder-600x600.png 600w, https:\/\/www.laurence-dieteticienne.com\/wp-content\/uploads\/2024\/10\/presentation-laurence-devolder-100x100.png 100w, https:\/\/www.laurence-dieteticienne.com\/wp-content\/uploads\/2024\/10\/presentation-laurence-devolder.png 1080w\" sizes=\"(max-width: 1024px) 100vw, 1024px\" \/>\t\t\t\t\t\t\t\t\t\t\t\t\t\t\t<\/div>\n\t\t\t\t<\/div>\n\t\t\t\t\t<\/div>\n\t\t<\/div>\n\t\t\t\t\t<\/div>\n\t\t<\/section>\n\t\t\t\t<section class=\"elementor-section elementor-top-section elementor-element elementor-element-89fd003 elementor-section-boxed elementor-section-height-default elementor-section-height-default\" data-id=\"89fd003\" data-element_type=\"section\" data-e-type=\"section\">\n\t\t\t\t\t\t<div class=\"elementor-container elementor-column-gap-default\">\n\t\t\t\t\t<div class=\"elementor-column elementor-col-50 elementor-top-column elementor-element elementor-element-717975d\" data-id=\"717975d\" data-element_type=\"column\" data-e-type=\"column\">\n\t\t\t<div class=\"elementor-widget-wrap elementor-element-populated\">\n\t\t\t\t\t\t<div class=\"elementor-element elementor-element-017b710 elementor-widget elementor-widget-text-editor\" data-id=\"017b710\" data-element_type=\"widget\" data-e-type=\"widget\" data-widget_type=\"text-editor.default\">\n\t\t\t\t<div class=\"elementor-widget-container\">\n\t\t\t\t\t\t\t\t\t<p>J&rsquo;ai un parcours plut\u00f4t atypique. <br \/>Une reconversion professionnelle \u00e0 44 ans il fallait oser. Avant de reprendre mes \u00e9tudes pour devenir di\u00e9t\u00e9ticienne, j&rsquo;\u00e9tais <strong>chef de projet web<\/strong> pendant plus de 20 ans. Une passionn\u00e9e de l&rsquo;univers num\u00e9rique.\u00a0<br \/>Ce changement \u00e0 360\u00b0 n&rsquo;est pas arriv\u00e9 par hasard.\u00a0<br \/>Avant de devenir une professionnelle de sant\u00e9, j&rsquo;\u00e9tais une patiente. <strong>Une patiente en ob\u00e9sit\u00e9 morbide<\/strong> qui l&rsquo;\u00e9tait depuis son plus jeune \u00e2ge.\u00a0<br \/>Un jour j&rsquo;ai eu un d\u00e9clic. Je suis pass\u00e9e par la chirurgie bariatrique pour avoir ce d\u00e9clic et j&rsquo;ai \u00e9tudi\u00e9 pendant des ann\u00e9es cet univers avant de me lancer dans cette superbe aventure.<\/p>\t\t\t\t\t\t\t\t<\/div>\n\t\t\t\t<\/div>\n\t\t\t\t\t<\/div>\n\t\t<\/div>\n\t\t\t\t<div class=\"elementor-column elementor-col-25 elementor-top-column elementor-element elementor-element-37d912b\" data-id=\"37d912b\" data-element_type=\"column\" data-e-type=\"column\">\n\t\t\t<div class=\"elementor-widget-wrap elementor-element-populated\">\n\t\t\t\t\t\t<div class=\"elementor-element elementor-element-e250178 elementor-widget elementor-widget-image\" data-id=\"e250178\" data-element_type=\"widget\" data-e-type=\"widget\" data-widget_type=\"image.default\">\n\t\t\t\t<div class=\"elementor-widget-container\">\n\t\t\t\t\t\t\t\t\t\t\t\t\t\t\t<img decoding=\"async\" width=\"717\" height=\"647\" src=\"https:\/\/www.laurence-dieteticienne.com\/wp-content\/uploads\/2022\/11\/avant-apres.jpg\" class=\"attachment-large size-large wp-image-1552\" alt=\"\" srcset=\"https:\/\/www.laurence-dieteticienne.com\/wp-content\/uploads\/2022\/11\/avant-apres.jpg 717w, https:\/\/www.laurence-dieteticienne.com\/wp-content\/uploads\/2022\/11\/avant-apres-300x271.jpg 300w, https:\/\/www.laurence-dieteticienne.com\/wp-content\/uploads\/2022\/11\/avant-apres-66x60.jpg 66w, https:\/\/www.laurence-dieteticienne.com\/wp-content\/uploads\/2022\/11\/avant-apres-600x541.jpg 600w\" sizes=\"(max-width: 717px) 100vw, 717px\" \/>\t\t\t\t\t\t\t\t\t\t\t\t\t\t\t<\/div>\n\t\t\t\t<\/div>\n\t\t\t\t\t<\/div>\n\t\t<\/div>\n\t\t\t\t<div class=\"elementor-column elementor-col-25 elementor-top-column elementor-element elementor-element-a7da091\" data-id=\"a7da091\" data-element_type=\"column\" data-e-type=\"column\">\n\t\t\t<div class=\"elementor-widget-wrap elementor-element-populated\">\n\t\t\t\t\t\t<div class=\"elementor-element elementor-element-530db20 elementor-widget elementor-widget-image\" data-id=\"530db20\" data-element_type=\"widget\" data-e-type=\"widget\" data-widget_type=\"image.default\">\n\t\t\t\t<div class=\"elementor-widget-container\">\n\t\t\t\t\t\t\t\t\t\t\t\t\t\t\t<img decoding=\"async\" width=\"605\" height=\"765\" src=\"https:\/\/www.laurence-dieteticienne.com\/wp-content\/uploads\/2022\/11\/ambassadrice.jpg\" class=\"attachment-large size-large wp-image-1553\" alt=\"\" srcset=\"https:\/\/www.laurence-dieteticienne.com\/wp-content\/uploads\/2022\/11\/ambassadrice.jpg 605w, https:\/\/www.laurence-dieteticienne.com\/wp-content\/uploads\/2022\/11\/ambassadrice-237x300.jpg 237w, https:\/\/www.laurence-dieteticienne.com\/wp-content\/uploads\/2022\/11\/ambassadrice-47x60.jpg 47w, https:\/\/www.laurence-dieteticienne.com\/wp-content\/uploads\/2022\/11\/ambassadrice-600x759.jpg 600w\" sizes=\"(max-width: 605px) 100vw, 605px\" \/>\t\t\t\t\t\t\t\t\t\t\t\t\t\t\t<\/div>\n\t\t\t\t<\/div>\n\t\t\t\t\t<\/div>\n\t\t<\/div>\n\t\t\t\t\t<\/div>\n\t\t<\/section>\n\t\t\t\t<section class=\"elementor-section elementor-top-section elementor-element elementor-element-b2b9c6b elementor-section-boxed elementor-section-height-default elementor-section-height-default\" data-id=\"b2b9c6b\" data-element_type=\"section\" data-e-type=\"section\">\n\t\t\t\t\t\t<div class=\"elementor-container elementor-column-gap-default\">\n\t\t\t\t\t<div class=\"elementor-column elementor-col-33 elementor-top-column elementor-element elementor-element-6e4c487\" data-id=\"6e4c487\" data-element_type=\"column\" data-e-type=\"column\">\n\t\t\t<div class=\"elementor-widget-wrap elementor-element-populated\">\n\t\t\t\t\t\t<div class=\"elementor-element elementor-element-e98cc6a elementor-widget elementor-widget-text-editor\" data-id=\"e98cc6a\" data-element_type=\"widget\" data-e-type=\"widget\" data-widget_type=\"text-editor.default\">\n\t\t\t\t<div class=\"elementor-widget-container\">\n\t\t\t\t\t\t\t\t\t<p>Je suis une passionn\u00e9e de&nbsp; sport en g\u00e9n\u00e9ral et pendant longtemps j&rsquo;ai fait de la&nbsp;<strong>course \u00e0 pied.<\/strong><br>Quand j&rsquo;\u00e9tais en ob\u00e9sit\u00e9 morbide je n&rsquo;arrivais pas \u00e0 faire plus de 100 m\u00e8tres sans \u00eatre \u00e0 bout de souffle.<br>Un jour, je me suis dit que si je proc\u00e9dais par toutes petites \u00e9tapes j&rsquo;allais pouvoir forc\u00e9ment \u00e9voluer. Tr\u00e8s lentement, c&rsquo;est certain, mais j&rsquo;allais \u00e9voluer. Je suis une endurante, je ne veux pas aller plus vite (je suis lente et sans aucun complexe \u00e0 l&rsquo;\u00eatre), mais je veux aller plus loin.<br>Un mot d&rsquo;ordre, quel que soit le sport que l&rsquo;on choisit : <strong>discipline et r\u00e9gularit\u00e9<\/strong>.<br>Mes 4 participations \u00e0 la course la plus belle de France : \u00ab\u00a0Marseille-Cassis\u00a0\u00bb, reste une de mes plus grandes fiert\u00e9.<br><br>Je reste tr\u00e8s curieuse de tous les sports et je pratique du sport en salle 4 \u00e0 5h par semaine.&nbsp;<br>Toujours d\u00e9butante, mais toujours l\u00e0 pour d\u00e9couvrir et me d\u00e9passer.<\/p>\t\t\t\t\t\t\t\t<\/div>\n\t\t\t\t<\/div>\n\t\t\t\t\t<\/div>\n\t\t<\/div>\n\t\t\t\t<div class=\"elementor-column elementor-col-66 elementor-top-column elementor-element elementor-element-a71e90d\" data-id=\"a71e90d\" data-element_type=\"column\" data-e-type=\"column\">\n\t\t\t<div class=\"elementor-widget-wrap elementor-element-populated\">\n\t\t\t\t\t\t<div class=\"elementor-element elementor-element-e116998 elementor-widget elementor-widget-image\" data-id=\"e116998\" data-element_type=\"widget\" data-e-type=\"widget\" data-widget_type=\"image.default\">\n\t\t\t\t<div class=\"elementor-widget-container\">\n\t\t\t\t\t\t\t\t\t\t\t\t\t\t\t<img loading=\"lazy\" decoding=\"async\" width=\"532\" height=\"768\" src=\"https:\/\/www.laurence-dieteticienne.com\/wp-content\/uploads\/2022\/11\/ambassadrice-marseillaise.jpg\" class=\"attachment-large size-large wp-image-1605\" alt=\"\" srcset=\"https:\/\/www.laurence-dieteticienne.com\/wp-content\/uploads\/2022\/11\/ambassadrice-marseillaise.jpg 532w, https:\/\/www.laurence-dieteticienne.com\/wp-content\/uploads\/2022\/11\/ambassadrice-marseillaise-208x300.jpg 208w, https:\/\/www.laurence-dieteticienne.com\/wp-content\/uploads\/2022\/11\/ambassadrice-marseillaise-42x60.jpg 42w\" sizes=\"(max-width: 532px) 100vw, 532px\" \/>\t\t\t\t\t\t\t\t\t\t\t\t\t\t\t<\/div>\n\t\t\t\t<\/div>\n\t\t\t\t\t<\/div>\n\t\t<\/div>\n\t\t\t\t\t<\/div>\n\t\t<\/section>\n\t\t\t\t<section class=\"elementor-section elementor-top-section elementor-element elementor-element-dde2758 elementor-section-boxed elementor-section-height-default elementor-section-height-default\" data-id=\"dde2758\" data-element_type=\"section\" data-e-type=\"section\">\n\t\t\t\t\t\t<div class=\"elementor-container elementor-column-gap-default\">\n\t\t\t\t\t<div class=\"elementor-column elementor-col-100 elementor-top-column elementor-element elementor-element-5a2db48\" data-id=\"5a2db48\" data-element_type=\"column\" data-e-type=\"column\">\n\t\t\t<div class=\"elementor-widget-wrap elementor-element-populated\">\n\t\t\t\t\t\t<div class=\"elementor-element elementor-element-55da959 elementor-widget elementor-widget-image\" data-id=\"55da959\" data-element_type=\"widget\" data-e-type=\"widget\" data-widget_type=\"image.default\">\n\t\t\t\t<div class=\"elementor-widget-container\">\n\t\t\t\t\t\t\t\t\t\t\t\t\t\t\t<img loading=\"lazy\" decoding=\"async\" width=\"1024\" height=\"1024\" src=\"https:\/\/www.laurence-dieteticienne.com\/wp-content\/uploads\/2025\/04\/Pastel-Doodle-Mental-Health-Daily-Affirmations-Instagram-Post-1024x1024.png\" class=\"attachment-large size-large wp-image-2303\" alt=\"\" srcset=\"https:\/\/www.laurence-dieteticienne.com\/wp-content\/uploads\/2025\/04\/Pastel-Doodle-Mental-Health-Daily-Affirmations-Instagram-Post-1024x1024.png 1024w, https:\/\/www.laurence-dieteticienne.com\/wp-content\/uploads\/2025\/04\/Pastel-Doodle-Mental-Health-Daily-Affirmations-Instagram-Post-300x300.png 300w, https:\/\/www.laurence-dieteticienne.com\/wp-content\/uploads\/2025\/04\/Pastel-Doodle-Mental-Health-Daily-Affirmations-Instagram-Post-150x150.png 150w, https:\/\/www.laurence-dieteticienne.com\/wp-content\/uploads\/2025\/04\/Pastel-Doodle-Mental-Health-Daily-Affirmations-Instagram-Post-768x768.png 768w, https:\/\/www.laurence-dieteticienne.com\/wp-content\/uploads\/2025\/04\/Pastel-Doodle-Mental-Health-Daily-Affirmations-Instagram-Post-600x600.png 600w, https:\/\/www.laurence-dieteticienne.com\/wp-content\/uploads\/2025\/04\/Pastel-Doodle-Mental-Health-Daily-Affirmations-Instagram-Post-100x100.png 100w, https:\/\/www.laurence-dieteticienne.com\/wp-content\/uploads\/2025\/04\/Pastel-Doodle-Mental-Health-Daily-Affirmations-Instagram-Post.png 1080w\" sizes=\"(max-width: 1024px) 100vw, 1024px\" \/>\t\t\t\t\t\t\t\t\t\t\t\t\t\t\t<\/div>\n\t\t\t\t<\/div>\n\t\t\t\t\t<\/div>\n\t\t<\/div>\n\t\t\t\t\t<\/div>\n\t\t<\/section>\n\t\t\t\t<\/div>\n\t\t","protected":false},"excerpt":{"rendered":"<p>J&rsquo;ai un parcours plut\u00f4t atypique. Une reconversion professionnelle \u00e0 44 ans il fallait oser. Avant de reprendre mes \u00e9tudes pour devenir di\u00e9t\u00e9ticienne, j&rsquo;\u00e9tais chef de &hellip; <\/p>\n","protected":false},"author":1,"featured_media":0,"parent":0,"menu_order":0,"comment_status":"closed","ping_status":"closed","template":"","meta":{"_uag_custom_page_level_css":"","footnotes":""},"class_list":["post-22","page","type-page","status-publish","hentry"],"uagb_featured_image_src":{"full":false,"thumbnail":false,"medium":false,"medium_large":false,"large":false,"1536x1536":false,"2048x2048":false,"yummy-recipe-slider":false,"yummy-recipe-blog-three":false,"yummy-recipe-blog-four":false,"vilva-slider-one":false,"vilva-featured-four":false,"vilva-blog":false,"vilva-blog-one":false,"vilva-sidebar":false,"woocommerce_thumbnail":false,"woocommerce_single":false,"woocommerce_gallery_thumbnail":false},"uagb_author_info":{"display_name":"Laurence DEVOLDER","author_link":"https:\/\/www.laurence-dieteticienne.com\/index.php\/author\/admin7317\/"},"uagb_comment_info":0,"uagb_excerpt":"J&rsquo;ai un parcours plut\u00f4t atypique. Une reconversion professionnelle \u00e0 44 ans il fallait oser. Avant de reprendre mes \u00e9tudes pour devenir di\u00e9t\u00e9ticienne, j&rsquo;\u00e9tais chef de &hellip;","_links":{"self":[{"href":"https:\/\/www.laurence-dieteticienne.com\/index.php\/wp-json\/wp\/v2\/pages\/22","targetHints":{"allow":["GET"]}}],"collection":[{"href":"https:\/\/www.laurence-dieteticienne.com\/index.php\/wp-json\/wp\/v2\/pages"}],"about":[{"href":"https:\/\/www.laurence-dieteticienne.com\/index.php\/wp-json\/wp\/v2\/types\/page"}],"author":[{"embeddable":true,"href":"https:\/\/www.laurence-dieteticienne.com\/index.php\/wp-json\/wp\/v2\/users\/1"}],"replies":[{"embeddable":true,"href":"https:\/\/www.laurence-dieteticienne.com\/index.php\/wp-json\/wp\/v2\/comments?post=22"}],"version-history":[{"count":25,"href":"https:\/\/www.laurence-dieteticienne.com\/index.php\/wp-json\/wp\/v2\/pages\/22\/revisions"}],"predecessor-version":[{"id":2306,"href":"https:\/\/www.laurence-dieteticienne.com\/index.php\/wp-json\/wp\/v2\/pages\/22\/revisions\/2306"}],"wp:attachment":[{"href":"https:\/\/www.laurence-dieteticienne.com\/index.php\/wp-json\/wp\/v2\/media?parent=22"}],"curies":[{"name":"wp","href":"https:\/\/api.w.org\/{rel}","templated":true}]}}