{"id":1227,"date":"2022-11-01T13:40:37","date_gmt":"2022-11-01T12:40:37","guid":{"rendered":"http:\/\/laurenm.cluster029.hosting.ovh.net\/laurenm795\/?page_id=1227"},"modified":"2026-01-26T15:30:28","modified_gmt":"2026-01-26T14:30:28","slug":"accueil","status":"publish","type":"page","link":"https:\/\/www.laurence-dieteticienne.com\/","title":{"rendered":"Laurence DEVOLDER &#8211; Di\u00e9t\u00e9ticienne-Nutritionniste \u00e0 Marseille"},"content":{"rendered":"\t\t<div data-elementor-type=\"wp-page\" data-elementor-id=\"1227\" class=\"elementor elementor-1227\">\n\t\t\t\t\t\t<section class=\"elementor-section elementor-top-section elementor-element elementor-element-521cb13 elementor-section-boxed elementor-section-height-default elementor-section-height-default\" data-id=\"521cb13\" data-element_type=\"section\" data-e-type=\"section\">\n\t\t\t\t\t\t<div class=\"elementor-container elementor-column-gap-default\">\n\t\t\t\t\t<div class=\"elementor-column elementor-col-100 elementor-top-column elementor-element elementor-element-1a5a926\" data-id=\"1a5a926\" data-element_type=\"column\" data-e-type=\"column\">\n\t\t\t<div class=\"elementor-widget-wrap\">\n\t\t\t\t\t\t\t<\/div>\n\t\t<\/div>\n\t\t\t\t\t<\/div>\n\t\t<\/section>\n\t\t\t\t<section class=\"elementor-section elementor-top-section elementor-element elementor-element-e5a1f1f elementor-section-boxed elementor-section-height-default elementor-section-height-default\" data-id=\"e5a1f1f\" data-element_type=\"section\" data-e-type=\"section\">\n\t\t\t\t\t\t<div class=\"elementor-container elementor-column-gap-default\">\n\t\t\t\t\t<div class=\"elementor-column elementor-col-100 elementor-top-column elementor-element elementor-element-2441c67\" data-id=\"2441c67\" data-element_type=\"column\" data-e-type=\"column\">\n\t\t\t<div class=\"elementor-widget-wrap elementor-element-populated\">\n\t\t\t\t\t\t<div class=\"elementor-element elementor-element-cff91f9 elementor-widget elementor-widget-image\" data-id=\"cff91f9\" data-element_type=\"widget\" data-e-type=\"widget\" data-widget_type=\"image.default\">\n\t\t\t\t<div class=\"elementor-widget-container\">\n\t\t\t\t\t\t\t\t\t\t\t\t\t\t\t<img fetchpriority=\"high\" decoding=\"async\" width=\"500\" height=\"500\" src=\"https:\/\/www.laurence-dieteticienne.com\/wp-content\/uploads\/2026\/01\/tarif-2026.png\" class=\"attachment-large size-large wp-image-2401\" alt=\"\" srcset=\"https:\/\/www.laurence-dieteticienne.com\/wp-content\/uploads\/2026\/01\/tarif-2026.png 500w, https:\/\/www.laurence-dieteticienne.com\/wp-content\/uploads\/2026\/01\/tarif-2026-300x300.png 300w, https:\/\/www.laurence-dieteticienne.com\/wp-content\/uploads\/2026\/01\/tarif-2026-150x150.png 150w, https:\/\/www.laurence-dieteticienne.com\/wp-content\/uploads\/2026\/01\/tarif-2026-100x100.png 100w\" sizes=\"(max-width: 500px) 100vw, 500px\" \/>\t\t\t\t\t\t\t\t\t\t\t\t\t\t\t<\/div>\n\t\t\t\t<\/div>\n\t\t\t\t<div class=\"elementor-element elementor-element-0a4b1d8 elementor-widget elementor-widget-image\" data-id=\"0a4b1d8\" data-element_type=\"widget\" data-e-type=\"widget\" data-widget_type=\"image.default\">\n\t\t\t\t<div class=\"elementor-widget-container\">\n\t\t\t\t\t\t\t\t\t\t\t\t\t\t\t<img decoding=\"async\" width=\"1024\" height=\"1024\" src=\"https:\/\/www.laurence-dieteticienne.com\/wp-content\/uploads\/2025\/04\/affirmations-2-1024x1024.png\" class=\"attachment-large size-large wp-image-2340\" alt=\"\" srcset=\"https:\/\/www.laurence-dieteticienne.com\/wp-content\/uploads\/2025\/04\/affirmations-2-1024x1024.png 1024w, https:\/\/www.laurence-dieteticienne.com\/wp-content\/uploads\/2025\/04\/affirmations-2-300x300.png 300w, https:\/\/www.laurence-dieteticienne.com\/wp-content\/uploads\/2025\/04\/affirmations-2-150x150.png 150w, https:\/\/www.laurence-dieteticienne.com\/wp-content\/uploads\/2025\/04\/affirmations-2-768x768.png 768w, https:\/\/www.laurence-dieteticienne.com\/wp-content\/uploads\/2025\/04\/affirmations-2-600x600.png 600w, https:\/\/www.laurence-dieteticienne.com\/wp-content\/uploads\/2025\/04\/affirmations-2-100x100.png 100w, https:\/\/www.laurence-dieteticienne.com\/wp-content\/uploads\/2025\/04\/affirmations-2.png 1080w\" sizes=\"(max-width: 1024px) 100vw, 1024px\" \/>\t\t\t\t\t\t\t\t\t\t\t\t\t\t\t<\/div>\n\t\t\t\t<\/div>\n\t\t\t\t\t<\/div>\n\t\t<\/div>\n\t\t\t\t\t<\/div>\n\t\t<\/section>\n\t\t\t\t<section class=\"elementor-section elementor-top-section elementor-element elementor-element-b4a15e2 elementor-section-boxed elementor-section-height-default elementor-section-height-default\" data-id=\"b4a15e2\" data-element_type=\"section\" data-e-type=\"section\">\n\t\t\t\t\t\t<div class=\"elementor-container elementor-column-gap-default\">\n\t\t\t\t\t<div class=\"elementor-column elementor-col-33 elementor-top-column elementor-element elementor-element-a9a0a5e\" data-id=\"a9a0a5e\" data-element_type=\"column\" data-e-type=\"column\">\n\t\t\t<div class=\"elementor-widget-wrap elementor-element-populated\">\n\t\t\t\t\t\t<div class=\"elementor-element elementor-element-1312cfb elementor-widget elementor-widget-text-editor\" data-id=\"1312cfb\" data-element_type=\"widget\" data-e-type=\"widget\" data-widget_type=\"text-editor.default\">\n\t\t\t\t<div class=\"elementor-widget-container\">\n\t\t\t\t\t\t\t\t\t<p style=\"margin-bottom: 0px; line-height: 1.45; font-family: caladea, serif; color: #50555c; text-align: center;\"><a href=\"https:\/\/www.doctolib.fr\/dieteticien\/marseille\/laurence-devolder\/booking\/motive-categories?placeId=practice-369065&amp;specialityId=414&amp;telehealth=false\" target=\"_blank\" rel=\"noopener\"><span style=\"font-weight: bolder;\"><span style=\"margin: 0px; padding: 0px; border: 0px; line-height: 1.45; font-family: inherit;\">Consultation<\/span><u><span style=\"margin: 0px; padding: 0px; border: 0px; line-height: 1.45; font-family: inherit;\"> \u00e0 distance<br \/><\/span><\/u><\/span><u style=\"font-weight: bolder;\">et\u00a0<\/u><u style=\"font-weight: bolder;\">en cabinet dans le 9e et dans le 6e :<\/u><\/a><\/p><ul><li><strong>R\u00e9sidence ch\u00e2teau sec<\/strong><br \/>10 traverse de la gaye<br \/>B\u00e2timent le soleil (entre le n\u00b02 et 3)<br \/>13009 Marseille<\/li><li><strong>Centre du poids et du diab\u00e8te<br \/><\/strong>10 rue edmond rostand 13006 Marseille<br \/><u><span style=\"margin: 0px; padding: 0px; border: 0px; line-height: 1.45; font-family: inherit;\">E-mail<\/span><\/u><span style=\"margin: 0px; padding: 0px; border: 0px; line-height: 1.45; font-family: inherit;\"> : <\/span>contact@laurence-dieteticienne.com<\/li><li><span style=\"font-weight: bolder;\"><u>T\u00e9l\u00e9phone :\u00a0<br \/><\/u><\/span>07 57 67 62 69<span style=\"font-weight: bolder;\">\u00a0<\/span><\/li><\/ul>\t\t\t\t\t\t\t\t<\/div>\n\t\t\t\t<\/div>\n\t\t\t\t\t<\/div>\n\t\t<\/div>\n\t\t\t\t<div class=\"elementor-column elementor-col-33 elementor-top-column elementor-element elementor-element-de22f00\" data-id=\"de22f00\" data-element_type=\"column\" data-e-type=\"column\">\n\t\t\t<div class=\"elementor-widget-wrap elementor-element-populated\">\n\t\t\t\t\t\t<div class=\"elementor-element elementor-element-5c4175b elementor-widget elementor-widget-text-editor\" data-id=\"5c4175b\" data-element_type=\"widget\" data-e-type=\"widget\" data-widget_type=\"text-editor.default\">\n\t\t\t\t<div class=\"elementor-widget-container\">\n\t\t\t\t\t\t\t\t\t<h5 style=\"margin-bottom: 0px; font-style: normal; font-size: 17px; line-height: 1.45; font-family: caladea, serif; color: rgb(80, 85, 92); text-align: center;\"><u style=\"\"><span style=\"margin: 0px; padding: 0px; border: 0px; line-height: 1.45; font-family: inherit;\">Mon num\u00e9ro ADELI :<\/span><\/u><\/h5>\n<p style=\"margin-bottom: 0px; font-weight: 400; font-style: normal; font-size: 17px; line-height: 1.45; font-family: caladea, serif; color: #50555c; text-align: center;\">139511430<\/p>\n<p><span style=\"text-decoration: underline;\"><b>Mon num\u00e9ro RPPS<\/b><br><\/span><span style=\"color: #333333; font-family: Tahoma, sans-serif; font-size: small;\">10008414798<br><\/span><span style=\"color: #50555c; font-family: caladea, serif; font-size: 17px;\">N&rsquo;oubliez pas de demander une prise en charge \u00e0 <\/span><span style=\"color: #50555c; font-family: caladea, serif; font-size: 17px;\">votre mutuelle.<\/span><\/p>\t\t\t\t\t\t\t\t<\/div>\n\t\t\t\t<\/div>\n\t\t\t\t<div class=\"elementor-element elementor-element-3089ffb elementor-button-info elementor-align-center elementor-widget elementor-widget-button\" data-id=\"3089ffb\" data-element_type=\"widget\" data-e-type=\"widget\" data-settings=\"{&quot;_animation&quot;:&quot;none&quot;}\" data-widget_type=\"button.default\">\n\t\t\t\t<div class=\"elementor-widget-container\">\n\t\t\t\t\t\t\t\t\t<div class=\"elementor-button-wrapper\">\n\t\t\t\t\t<a class=\"elementor-button elementor-button-link elementor-size-lg elementor-animation-shrink\" href=\"https:\/\/www.doctolib.fr\/dieteticien\/marseille\/laurence-devolder\/booking\/telehealth-suggestion?specialityId=414&#038;pid=practice-369065&#038;bookingFunnelSource=profile\" target=\"_blank\">\n\t\t\t\t\t\t<span class=\"elementor-button-content-wrapper\">\n\t\t\t\t\t\t\t\t\t<span class=\"elementor-button-text\">Prenez rendez-vous<\/span>\n\t\t\t\t\t<\/span>\n\t\t\t\t\t<\/a>\n\t\t\t\t<\/div>\n\t\t\t\t\t\t\t\t<\/div>\n\t\t\t\t<\/div>\n\t\t\t\t\t<\/div>\n\t\t<\/div>\n\t\t\t\t<div class=\"elementor-column elementor-col-33 elementor-top-column elementor-element elementor-element-275ae6b\" data-id=\"275ae6b\" data-element_type=\"column\" data-e-type=\"column\">\n\t\t\t<div class=\"elementor-widget-wrap elementor-element-populated\">\n\t\t\t\t\t\t<div class=\"elementor-element elementor-element-84f2e84 elementor-widget elementor-widget-google_maps\" data-id=\"84f2e84\" data-element_type=\"widget\" data-e-type=\"widget\" data-widget_type=\"google_maps.default\">\n\t\t\t\t<div class=\"elementor-widget-container\">\n\t\t\t\t\t\t\t<div class=\"elementor-custom-embed\">\n\t\t\t<iframe loading=\"lazy\"\n\t\t\t\t\tsrc=\"https:\/\/maps.google.com\/maps?q=10%20traverse%20de%20la%20gaye%2013009%20Marseille&#038;t=m&#038;z=10&#038;output=embed&#038;iwloc=near\"\n\t\t\t\t\ttitle=\"10 traverse de la gaye 13009 Marseille\"\n\t\t\t\t\taria-label=\"10 traverse de la gaye 13009 Marseille\"\n\t\t\t><\/iframe>\n\t\t<\/div>\n\t\t\t\t\t\t<\/div>\n\t\t\t\t<\/div>\n\t\t\t\t\t<\/div>\n\t\t<\/div>\n\t\t\t\t\t<\/div>\n\t\t<\/section>\n\t\t\t\t<section class=\"elementor-section elementor-top-section elementor-element elementor-element-f66160d elementor-section-boxed elementor-section-height-default elementor-section-height-default\" data-id=\"f66160d\" data-element_type=\"section\" data-e-type=\"section\">\n\t\t\t\t\t\t<div class=\"elementor-container elementor-column-gap-default\">\n\t\t\t\t\t<div class=\"elementor-column elementor-col-100 elementor-top-column elementor-element elementor-element-06d3a4e\" data-id=\"06d3a4e\" data-element_type=\"column\" data-e-type=\"column\">\n\t\t\t<div class=\"elementor-widget-wrap elementor-element-populated\">\n\t\t\t\t\t\t<section class=\"elementor-section elementor-inner-section elementor-element elementor-element-569c039 elementor-section-boxed elementor-section-height-default elementor-section-height-default\" data-id=\"569c039\" data-element_type=\"section\" data-e-type=\"section\">\n\t\t\t\t\t\t<div class=\"elementor-container elementor-column-gap-default\">\n\t\t\t\t\t<div class=\"elementor-column elementor-col-50 elementor-inner-column elementor-element elementor-element-803a069\" data-id=\"803a069\" data-element_type=\"column\" data-e-type=\"column\">\n\t\t\t<div class=\"elementor-widget-wrap\">\n\t\t\t\t\t\t\t<\/div>\n\t\t<\/div>\n\t\t\t\t<div class=\"elementor-column elementor-col-50 elementor-inner-column elementor-element elementor-element-675eef1\" data-id=\"675eef1\" data-element_type=\"column\" data-e-type=\"column\">\n\t\t\t<div class=\"elementor-widget-wrap\">\n\t\t\t\t\t\t\t<\/div>\n\t\t<\/div>\n\t\t\t\t\t<\/div>\n\t\t<\/section>\n\t\t\t\t\t<\/div>\n\t\t<\/div>\n\t\t\t\t\t<\/div>\n\t\t<\/section>\n\t\t\t\t<\/div>\n\t\t","protected":false},"excerpt":{"rendered":"<p>Consultation \u00e0 distanceet\u00a0en cabinet dans le 9e et dans le 6e : R\u00e9sidence ch\u00e2teau sec10 traverse de la gayeB\u00e2timent le soleil (entre le n\u00b02 et &hellip; <\/p>\n","protected":false},"author":1,"featured_media":0,"parent":0,"menu_order":0,"comment_status":"closed","ping_status":"closed","template":"","meta":{"_uag_custom_page_level_css":"","footnotes":""},"class_list":["post-1227","page","type-page","status-publish","hentry"],"uagb_featured_image_src":{"full":false,"thumbnail":false,"medium":false,"medium_large":false,"large":false,"1536x1536":false,"2048x2048":false,"yummy-recipe-slider":false,"yummy-recipe-blog-three":false,"yummy-recipe-blog-four":false,"vilva-slider-one":false,"vilva-featured-four":false,"vilva-blog":false,"vilva-blog-one":false,"vilva-sidebar":false,"woocommerce_thumbnail":false,"woocommerce_single":false,"woocommerce_gallery_thumbnail":false},"uagb_author_info":{"display_name":"Laurence DEVOLDER","author_link":"https:\/\/www.laurence-dieteticienne.com\/index.php\/author\/admin7317\/"},"uagb_comment_info":0,"uagb_excerpt":"Consultation \u00e0 distanceet\u00a0en cabinet dans le 9e et dans le 6e : R\u00e9sidence ch\u00e2teau sec10 traverse de la gayeB\u00e2timent le soleil (entre le n\u00b02 et &hellip;","_links":{"self":[{"href":"https:\/\/www.laurence-dieteticienne.com\/index.php\/wp-json\/wp\/v2\/pages\/1227","targetHints":{"allow":["GET"]}}],"collection":[{"href":"https:\/\/www.laurence-dieteticienne.com\/index.php\/wp-json\/wp\/v2\/pages"}],"about":[{"href":"https:\/\/www.laurence-dieteticienne.com\/index.php\/wp-json\/wp\/v2\/types\/page"}],"author":[{"embeddable":true,"href":"https:\/\/www.laurence-dieteticienne.com\/index.php\/wp-json\/wp\/v2\/users\/1"}],"replies":[{"embeddable":true,"href":"https:\/\/www.laurence-dieteticienne.com\/index.php\/wp-json\/wp\/v2\/comments?post=1227"}],"version-history":[{"count":162,"href":"https:\/\/www.laurence-dieteticienne.com\/index.php\/wp-json\/wp\/v2\/pages\/1227\/revisions"}],"predecessor-version":[{"id":2404,"href":"https:\/\/www.laurence-dieteticienne.com\/index.php\/wp-json\/wp\/v2\/pages\/1227\/revisions\/2404"}],"wp:attachment":[{"href":"https:\/\/www.laurence-dieteticienne.com\/index.php\/wp-json\/wp\/v2\/media?parent=1227"}],"curies":[{"name":"wp","href":"https:\/\/api.w.org\/{rel}","templated":true}]}}